{"id":1687,"date":"2023-06-05T07:41:03","date_gmt":"2023-06-05T07:41:03","guid":{"rendered":"https:\/\/rent2ridesardinia.com\/?page_id=1687"},"modified":"2023-06-05T07:45:46","modified_gmt":"2023-06-05T07:45:46","slug":"terms-of-use","status":"publish","type":"page","link":"https:\/\/rent2ridesardinia.com\/en\/terms-of-use\/","title":{"rendered":"Terms of Use"},"content":{"rendered":"<div data-elementor-type=\"wp-page\" data-elementor-id=\"1687\" class=\"elementor elementor-1687\" data-elementor-post-type=\"page\">\n\t\t\t\t\t\t<section class=\"elementor-section elementor-top-section elementor-element elementor-element-1fe6695c elementor-section-boxed elementor-section-height-default elementor-section-height-default\" data-id=\"1fe6695c\" data-element_type=\"section\" data-e-type=\"section\">\n\t\t\t\t\t\t<div class=\"elementor-container elementor-column-gap-default\">\n\t\t\t\t\t<div class=\"elementor-column elementor-col-100 elementor-top-column elementor-element elementor-element-7b0755b3\" data-id=\"7b0755b3\" data-element_type=\"column\" data-e-type=\"column\">\n\t\t\t<div class=\"elementor-widget-wrap elementor-element-populated\">\n\t\t\t\t\t\t<div class=\"elementor-element elementor-element-c5fb1bd elementor-widget elementor-widget-heading\" data-id=\"c5fb1bd\" data-element_type=\"widget\" data-e-type=\"widget\" data-widget_type=\"heading.default\">\n\t\t\t\t<div class=\"elementor-widget-container\">\n\t\t\t\t\t<h2 class=\"elementor-heading-title elementor-size-default\">Terms of Service<\/h2>\t\t\t\t<\/div>\n\t\t\t\t<\/div>\n\t\t\t\t<div class=\"elementor-element elementor-element-6c958d5 elementor-widget elementor-widget-text-editor\" data-id=\"6c958d5\" data-element_type=\"widget\" data-e-type=\"widget\" data-widget_type=\"text-editor.default\">\n\t\t\t\t<div class=\"elementor-widget-container\">\n\t\t\t\t\t\t\t\t\tI presenti Termini regolano l&#8217;accesso, l&#8217;utilizzo di tutti i contenuti, i Prodotti e i Servizi disponibili all&#8217;indirizzo https:\/\/rent2ridesardinia.com  sito web (il &#8220;Servizio&#8221;) gestito da rent2ridesardinia (&#8220;noi&#8221;, &#8220;noi&#8221; o &#8220;nostro&#8221;).\n\nL&#8217;accesso ai nostri servizi \u00e8 soggetto all&#8217;accettazione, senza modifiche, di tutti i termini e le condizioni contenuti nel presente documento e di tutte le altre regole e politiche operative pubblicate e che possono essere pubblicate di volta in volta da noi.\n\nSi prega di leggere attentamente il Contratto prima di accedere o utilizzare i nostri Servizi. Accedendo o utilizzando qualsiasi parte dei nostri Servizi, l&#8217;utente accetta di essere vincolato dai presenti Termini. Se non si accetta alcuna parte dei termini del Contratto, non \u00e8 possibile accedere o utilizzare i nostri Servizi.\n<h3>Propriet\u00e0 intellettuale<\/h3>\nL&#8217;Accordo non trasferisce da noi all&#8217;utente alcuna propriet\u00e0 intellettuale nostra o di terzi, e tutti i diritti, titoli e interessi in e per tale propriet\u00e0 rimarranno (come tra le parti) esclusivamente con  rent2ridesardinia  e i suoi licenzianti.\n<h3>Servizi di terze parti<\/h3>\nNell&#8217;utilizzo dei Servizi, l&#8217;utente pu\u00f2 utilizzare servizi, prodotti, software, incorporamenti o applicazioni di terze parti sviluppati da terze parti (&#8220;Servizi di terze parti&#8221;).\n\nSe si utilizzano Servizi di terze parti, si comprende che:\n<ul>\n \t<li>Qualsiasi utilizzo di un Servizio di terze parti \u00e8 a proprio rischio e non saremo responsabili nei confronti di nessuno per siti Web o Servizi di terze parti.<\/li>\n \t<li>Riconosci e accetti che non saremo responsabili per eventuali danni o perdite causati o presumibilmente causati da o in connessione con l&#8217;uso di tali contenuti, beni o servizi disponibili su o attraverso tali siti Web o servizi.<\/li>\n<\/ul>\n<h3>Accounts<\/h3>\nLaddove l&#8217;utilizzo di qualsiasi parte dei nostri Servizi richieda un account, l&#8217;utente accetta di fornirci informazioni complete e accurate quando si registra per un account.\n\nSarai l&#8217;unico responsabile per qualsiasi attivit\u00e0 che si verifica con il tuo account. Sei responsabile di mantenere aggiornate le informazioni del tuo account e di mantenere sicura la tua password.\n\nL&#8217;utente \u00e8 responsabile del mantenimento della sicurezza del proprio account utilizzato per accedere al Servizio. L&#8217;utente non deve condividere o abusare delle proprie credenziali di accesso. Devi informarci immediatamente di qualsiasi uso non autorizzato del tuo account o quando vieni a conoscenza di qualsiasi altra violazione della sicurezza.\n<h3>Collegamenti ad altri siti Web<\/h3>\nIl nostro Servizio pu\u00f2 contenere collegamenti a siti Web o servizi di terze parti che non sono di propriet\u00e0 o controllati da rent2ridesardinia .\n\nrent2ridesardinia non si assume alcuna responsabilit\u00e0 per il contenuto, le politiche sulla privacy o le pratiche di siti Web o servizi di terze parti.  rent2ridesardinia  L&#8217;Utente ammetta e  concorda che non saremo responsabili, direttamente o indirettamente, per eventuali danni o perdite causate, o presumibilmente causate, in connessione con l&#8217;uso o l&#8217;aver fatto affidamento su qualsiasi contenuto, bene o servizio disponibile su o tramite Siti di Terzi.\n\nTi consigliamo di leggere i termini e le condizioni e le politiche sulla privacy di qualsiasi sito Web o servizio di terze parti che visiti.\n<h3>Fine<\/h3>\nPossiamo interrompere o sospendere l&#8217;accesso dell&#8217;utente a tutti o parte dei nostri Servizi in qualsiasi momento, con o senza causa, con o senza preavviso, con effetto immediato.\n\nSe si desidera risolvere il Contratto o il proprio rent2ridesardinia account, puoi semplicemente interrompere l&#8217;utilizzo dei nostri Servizi.\n\nTutte le disposizioni del Contratto che per loro natura dovrebbero sopravvivere alla risoluzione sopravvivranno alla risoluzione, incluse, senza limitazioni, le disposizioni sulla propriet\u00e0, le esclusioni di garanzia, l&#8217;indennit\u00e0 e le limitazioni di responsabilit\u00e0.\n<h3>Disconoscimento<\/h3>\nI nostri Servizi sono forniti &#8220;COS\u00cc COME SONO&#8221; e &#8220;COME DISPONIBILI&#8221;. rent2ridesardinia e i suoi fornitori e licenziatari con la presente declinano tutte le garanzie di qualsiasi tipo, esplicite o implicite, incluse, senza limitazioni, le garanzie di commerciabilit\u00e0, idoneit\u00e0 per uno scopo particolare e non violazione. N\u00e9 rent2ridesardinia , n\u00e9 i suoi fornitori e licenziatari, garantisce che i nostri Servizi saranno privi di errori o che l&#8217;accesso agli stessi sar\u00e0 continuo o ininterrotto.\n\nComprendi di scaricare da, o altrimenti ottenere contenuti o servizi attraverso, i nostri Servizi a tua discrezione e rischio.\n<h3>Giurisdizione e legge applicabile<\/h3>\nSalvo nella misura in cui qualsiasi legge applicabile disponga diversamente, il Contratto e qualsiasi accesso o utilizzo dei nostri Servizi saranno regolati dalle leggi di New York.\n\nLa sede appropriata per qualsiasi controversia derivante da o relativa al Contratto e qualsiasi accesso o utilizzo dei nostri Servizi sar\u00e0 il tribunale statale e federale situato a New York.\n<h3>Modifiche<\/h3>\nrent2ridesardinia si riserva il diritto, a nostra esclusiva discrezione, di modificare o sostituire i presenti Termini in qualsiasi momento.\n\nSe apportiamo modifiche sostanziali, ti informeremo pubblicando sul nostro sito Web o inviandoti un&#8217;e-mail o un&#8217;altra comunicazione prima che le modifiche abbiano effetto. L&#8217;avviso designer\u00e0 un periodo di tempo ragionevole dopo il quale i nuovi termini entreranno in vigore.\n\nCercheremo di fornire almeno\n30\ngiorni di preavviso prima delle modifiche effettive.  Se non sei d&#8217;accordo con le nostre modifiche, dovresti interrompere l&#8217;utilizzo dei nostri Servizi entro il periodo di preavviso designato o una volta che le modifiche diventano effettive.\n\nL&#8217;uso continuato dei nostri Servizi sar\u00e0 soggetto ai nuovi termini.\n<h3>Contact us<\/h3>\nIn caso di domande sulle presenti Condizioni d&#8217;uso, si prega di contattarci all&#8217;indirizzo\n\n<hr>\n\nUltimo Aggiornato: June 5, 2023\t\t\t\t\t\t\t\t<\/div>\n\t\t\t\t<\/div>\n\t\t\t\t\t<\/div>\n\t\t<\/div>\n\t\t\t\t\t<\/div>\n\t\t<\/section>\n\t\t\t\t<\/div>","protected":false},"excerpt":{"rendered":"<p>Terms of Service I presenti Termini regolano l&#8217;accesso, l&#8217;utilizzo di tutti i contenuti, i Prodotti e i Servizi disponibili all&#8217;indirizzo https:\/\/rent2ridesardinia.com sito web (il &#8220;Servizio&#8221;) gestito da rent2ridesardinia (&#8220;noi&#8221;, &#8220;noi&#8221; o &#8220;nostro&#8221;). L&#8217;accesso ai nostri servizi \u00e8 soggetto all&#8217;accettazione, senza modifiche, di tutti i termini e le condizioni contenuti nel presente documento e di tutte [&hellip;]<\/p>","protected":false},"author":3,"featured_media":0,"parent":0,"menu_order":0,"comment_status":"closed","ping_status":"closed","template":"","meta":{"_acf_changed":false,"om_disable_all_campaigns":false,"_monsterinsights_skip_tracking":false,"_monsterinsights_sitenote_active":false,"_monsterinsights_sitenote_note":"","_monsterinsights_sitenote_category":0,"site-sidebar-layout":"default","site-content-layout":"","ast-site-content-layout":"default","site-content-style":"default","site-sidebar-style":"default","ast-global-header-display":"","ast-banner-title-visibility":"","ast-main-header-display":"","ast-hfb-above-header-display":"","ast-hfb-below-header-display":"","ast-hfb-mobile-header-display":"","site-post-title":"disabled","ast-breadcrumbs-content":"","ast-featured-img":"","footer-sml-layout":"","ast-disable-related-posts":"","theme-transparent-header-meta":"","adv-header-id-meta":"","stick-header-meta":"","header-above-stick-meta":"","header-main-stick-meta":"","header-below-stick-meta":"","astra-migrate-meta-layouts":"default","ast-page-background-enabled":"default","ast-page-background-meta":{"desktop":{"background-color":"var(--ast-global-color-4)","background-image":"","background-repeat":"repeat","background-position":"center center","background-size":"auto","background-attachment":"scroll","background-type":"","background-media":"","overlay-type":"","overlay-color":"","overlay-opacity":"","overlay-gradient":""},"tablet":{"background-color":"","background-image":"","background-repeat":"repeat","background-position":"center center","background-size":"auto","background-attachment":"scroll","background-type":"","background-media":"","overlay-type":"","overlay-color":"","overlay-opacity":"","overlay-gradient":""},"mobile":{"background-color":"","background-image":"","background-repeat":"repeat","background-position":"center center","background-size":"auto","background-attachment":"scroll","background-type":"","background-media":"","overlay-type":"","overlay-color":"","overlay-opacity":"","overlay-gradient":""}},"ast-content-background-meta":{"desktop":{"background-color":"var(--ast-global-color-5)","background-image":"","background-repeat":"repeat","background-position":"center center","background-size":"auto","background-attachment":"scroll","background-type":"","background-media":"","overlay-type":"","overlay-color":"","overlay-opacity":"","overlay-gradient":""},"tablet":{"background-color":"var(--ast-global-color-5)","background-image":"","background-repeat":"repeat","background-position":"center center","background-size":"auto","background-attachment":"scroll","background-type":"","background-media":"","overlay-type":"","overlay-color":"","overlay-opacity":"","overlay-gradient":""},"mobile":{"background-color":"var(--ast-global-color-5)","background-image":"","background-repeat":"repeat","background-position":"center center","background-size":"auto","background-attachment":"scroll","background-type":"","background-media":"","overlay-type":"","overlay-color":"","overlay-opacity":"","overlay-gradient":""}},"footnotes":""},"class_list":["post-1687","page","type-page","status-publish","hentry"],"acf":[],"yoast_head":"<!-- This site is optimized with the Yoast SEO Premium plugin v20.9 (Yoast SEO v24.8.1) - https:\/\/yoast.com\/wordpress\/plugins\/seo\/ -->\n<title>Terms of Use - rent2ridesardinia.com<\/title>\n<meta name=\"robots\" content=\"index, follow, max-snippet:-1, max-image-preview:large, max-video-preview:-1\" \/>\n<link rel=\"canonical\" href=\"https:\/\/rent2ridesardinia.com\/en\/terms-of-use\/\" \/>\n<script type=\"application\/ld+json\" class=\"yoast-schema-graph\">{\"@context\":\"https:\/\/schema.org\",\"@graph\":[{\"@type\":\"WebPage\",\"@id\":\"https:\/\/rent2ridesardinia.com\/terms-of-use\/\",\"url\":\"https:\/\/rent2ridesardinia.com\/terms-of-use\/\",\"name\":\"Terms of Use - rent2ridesardinia.com\",\"isPartOf\":{\"@id\":\"https:\/\/rent2ridesardinia.com\/#website\"},\"datePublished\":\"2023-06-05T07:41:03+00:00\",\"dateModified\":\"2023-06-05T07:45:46+00:00\",\"breadcrumb\":{\"@id\":\"https:\/\/rent2ridesardinia.com\/terms-of-use\/#breadcrumb\"},\"inLanguage\":\"en-US\",\"potentialAction\":[{\"@type\":\"ReadAction\",\"target\":[\"https:\/\/rent2ridesardinia.com\/terms-of-use\/\"]}]},{\"@type\":\"BreadcrumbList\",\"@id\":\"https:\/\/rent2ridesardinia.com\/terms-of-use\/#breadcrumb\",\"itemListElement\":[{\"@type\":\"ListItem\",\"position\":1,\"name\":\"Home\",\"item\":\"https:\/\/rent2ridesardinia.com\/en\"},{\"@type\":\"ListItem\",\"position\":2,\"name\":\"Terms of Use\"}]},{\"@type\":\"WebSite\",\"@id\":\"https:\/\/rent2ridesardinia.com\/#website\",\"url\":\"https:\/\/rent2ridesardinia.com\/\",\"name\":\"rent 2 ride sardinia\",\"description\":\"rent2ridesardinia.com\",\"potentialAction\":[{\"@type\":\"SearchAction\",\"target\":{\"@type\":\"EntryPoint\",\"urlTemplate\":\"https:\/\/rent2ridesardinia.com\/?s={search_term_string}\"},\"query-input\":{\"@type\":\"PropertyValueSpecification\",\"valueRequired\":true,\"valueName\":\"search_term_string\"}}],\"inLanguage\":\"en-US\"},{\"@type\":\"ImageObject\",\"inLanguage\":\"en-US\",\"@id\":\"https:\/\/rent2ridesardinia.com\/terms-of-use\/#local-main-organization-logo\",\"url\":\"\",\"contentUrl\":\"\",\"caption\":\"rent 2 ride sardinia\"}]}<\/script>\n<!-- \/ Yoast SEO Premium plugin. -->","yoast_head_json":{"title":"Terms of Use - rent2ridesardinia.com","robots":{"index":"index","follow":"follow","max-snippet":"max-snippet:-1","max-image-preview":"max-image-preview:large","max-video-preview":"max-video-preview:-1"},"canonical":"https:\/\/rent2ridesardinia.com\/en\/terms-of-use\/","schema":{"@context":"https:\/\/schema.org","@graph":[{"@type":"WebPage","@id":"https:\/\/rent2ridesardinia.com\/terms-of-use\/","url":"https:\/\/rent2ridesardinia.com\/terms-of-use\/","name":"Terms of Use - rent2ridesardinia.com","isPartOf":{"@id":"https:\/\/rent2ridesardinia.com\/#website"},"datePublished":"2023-06-05T07:41:03+00:00","dateModified":"2023-06-05T07:45:46+00:00","breadcrumb":{"@id":"https:\/\/rent2ridesardinia.com\/terms-of-use\/#breadcrumb"},"inLanguage":"en-US","potentialAction":[{"@type":"ReadAction","target":["https:\/\/rent2ridesardinia.com\/terms-of-use\/"]}]},{"@type":"BreadcrumbList","@id":"https:\/\/rent2ridesardinia.com\/terms-of-use\/#breadcrumb","itemListElement":[{"@type":"ListItem","position":1,"name":"Home","item":"https:\/\/rent2ridesardinia.com\/en"},{"@type":"ListItem","position":2,"name":"Terms of Use"}]},{"@type":"WebSite","@id":"https:\/\/rent2ridesardinia.com\/#website","url":"https:\/\/rent2ridesardinia.com\/","name":"rent 2 ride sardinia","description":"rent2ridesardinia.com","potentialAction":[{"@type":"SearchAction","target":{"@type":"EntryPoint","urlTemplate":"https:\/\/rent2ridesardinia.com\/?s={search_term_string}"},"query-input":{"@type":"PropertyValueSpecification","valueRequired":true,"valueName":"search_term_string"}}],"inLanguage":"en-US"},{"@type":"ImageObject","inLanguage":"en-US","@id":"https:\/\/rent2ridesardinia.com\/terms-of-use\/#local-main-organization-logo","url":"","contentUrl":"","caption":"rent 2 ride sardinia"}]}},"_links":{"self":[{"href":"https:\/\/rent2ridesardinia.com\/en\/wp-json\/wp\/v2\/pages\/1687","targetHints":{"allow":["GET"]}}],"collection":[{"href":"https:\/\/rent2ridesardinia.com\/en\/wp-json\/wp\/v2\/pages"}],"about":[{"href":"https:\/\/rent2ridesardinia.com\/en\/wp-json\/wp\/v2\/types\/page"}],"author":[{"embeddable":true,"href":"https:\/\/rent2ridesardinia.com\/en\/wp-json\/wp\/v2\/users\/3"}],"replies":[{"embeddable":true,"href":"https:\/\/rent2ridesardinia.com\/en\/wp-json\/wp\/v2\/comments?post=1687"}],"version-history":[{"count":11,"href":"https:\/\/rent2ridesardinia.com\/en\/wp-json\/wp\/v2\/pages\/1687\/revisions"}],"predecessor-version":[{"id":1700,"href":"https:\/\/rent2ridesardinia.com\/en\/wp-json\/wp\/v2\/pages\/1687\/revisions\/1700"}],"wp:attachment":[{"href":"https:\/\/rent2ridesardinia.com\/en\/wp-json\/wp\/v2\/media?parent=1687"}],"curies":[{"name":"wp","href":"https:\/\/api.w.org\/{rel}","templated":true}]}}