{"id":2365,"date":"2023-06-12T08:06:03","date_gmt":"2023-06-12T08:06:03","guid":{"rendered":"https:\/\/rent2ridesardinia.com\/?post_type=product&#038;p=2365"},"modified":"2024-08-13T15:50:13","modified_gmt":"2024-08-13T13:50:13","slug":"kite-duotone-evo-dlab-11m","status":"publish","type":"product","link":"https:\/\/rent2ridesardinia.com\/en\/shop\/kite-duotone-evo-dlab-11m\/","title":{"rendered":"KITE DUOTONE EVO DLAB 11M PACKAGE (KITE, BARRA, TAVOLA, POMPA)"},"content":{"rendered":"<p>La velocit\u00e0, stabilit\u00e0 e hangtime dell&#8217; Evo SLS elevato all&#8217; ennesima potenza. Ancora pi\u00f9 leggero e diretto, con un range di vento e una tenuta sotto raffica da non credere.<\/p>\n<p><strong>Tavole<\/strong><br \/>\nJaime 136<br \/>\nJaime SLS 133,139<br \/>\nSelect 138<br \/>\nSelect SLS 138,141<br \/>\nSoleil 132<br \/>\nSoleil SLS 132<br \/>\nWam SLS 5\u20195,5\u20199<br \/>\nWhip SLS 5\u20191<br \/>\nWAM Dlab 5\u20197<\/p>\n<p><strong>Barre<br \/>\n<\/strong>Click bar<br \/>\nTrust Bar<\/p>","protected":false},"excerpt":{"rendered":"<p>La velocit\u00e0, stabilit\u00e0 e hangtime dell&#8217; Evo SLS elevato all&#8217; ennesima potenza. Prenotalo Ora!<\/p>\n<div id=\"fhCalen\">\n<script src=\"https:\/\/fareharbor.com\/embeds\/script\/calendar\/rent2ridesardinia\/items\/548841\/?fallback=simple&#038;full-items=yes&#038;flow=1188408\"><\/script><\/div>\n<p><script>jQuery(document).ready(function($){var cal = $('#fhCalen');$(' div.elementor-add-to-cart.elementor-product-variable').replaceWith(cal);});<\/script><\/p>","protected":false},"featured_media":2366,"comment_status":"open","ping_status":"closed","template":"","meta":{"_acf_changed":false,"om_disable_all_campaigns":false,"_monsterinsights_skip_tracking":false,"_monsterinsights_sitenote_active":false,"_monsterinsights_sitenote_note":"","_monsterinsights_sitenote_category":0,"site-sidebar-layout":"default","site-content-layout":"default","ast-site-content-layout":"default","site-content-style":"default","site-sidebar-style":"default","ast-global-header-display":"","ast-banner-title-visibility":"","ast-main-header-display":"","ast-hfb-above-header-display":"","ast-hfb-below-header-display":"","ast-hfb-mobile-header-display":"","site-post-title":"","ast-breadcrumbs-content":"","ast-featured-img":"","footer-sml-layout":"","ast-disable-related-posts":"","theme-transparent-header-meta":"default","adv-header-id-meta":"","stick-header-meta":"","header-above-stick-meta":"","header-main-stick-meta":"","header-below-stick-meta":"","astra-migrate-meta-layouts":"set","ast-page-background-enabled":"default","ast-page-background-meta":{"desktop":{"background-color":"var(--ast-global-color-4)","background-image":"","background-repeat":"repeat","background-position":"center center","background-size":"auto","background-attachment":"scroll","background-type":"","background-media":"","overlay-type":"","overlay-color":"","overlay-opacity":"","overlay-gradient":""},"tablet":{"background-color":"","background-image":"","background-repeat":"repeat","background-position":"center center","background-size":"auto","background-attachment":"scroll","background-type":"","background-media":"","overlay-type":"","overlay-color":"","overlay-opacity":"","overlay-gradient":""},"mobile":{"background-color":"","background-image":"","background-repeat":"repeat","background-position":"center center","background-size":"auto","background-attachment":"scroll","background-type":"","background-media":"","overlay-type":"","overlay-color":"","overlay-opacity":"","overlay-gradient":""}},"ast-content-background-meta":{"desktop":{"background-color":"var(--ast-global-color-5)","background-image":"","background-repeat":"repeat","background-position":"center center","background-size":"auto","background-attachment":"scroll","background-type":"","background-media":"","overlay-type":"","overlay-color":"","overlay-opacity":"","overlay-gradient":""},"tablet":{"background-color":"var(--ast-global-color-5)","background-image":"","background-repeat":"repeat","background-position":"center center","background-size":"auto","background-attachment":"scroll","background-type":"","background-media":"","overlay-type":"","overlay-color":"","overlay-opacity":"","overlay-gradient":""},"mobile":{"background-color":"var(--ast-global-color-5)","background-image":"","background-repeat":"repeat","background-position":"center center","background-size":"auto","background-attachment":"scroll","background-type":"","background-media":"","overlay-type":"","overlay-color":"","overlay-opacity":"","overlay-gradient":""}}},"product_brand":[],"product_cat":[46],"product_tag":[],"class_list":{"0":"post-2365","1":"product","2":"type-product","3":"status-publish","4":"has-post-thumbnail","6":"product_cat-kitesurf","7":"desktop-align-left","8":"tablet-align-left","9":"mobile-align-left","11":"first","12":"instock","13":"shipping-taxable","14":"purchasable","15":"product-type-variable"},"acf":[],"yoast_head":"<!-- This site is optimized with the Yoast SEO Premium plugin v20.9 (Yoast SEO v24.8.1) - https:\/\/yoast.com\/wordpress\/plugins\/seo\/ -->\n<title>KITE DUOTONE EVO DLAB 11M PACKAGE (KITE, BARRA, TAVOLA, POMPA) - rent2ridesardinia.com<\/title>\n<meta name=\"robots\" content=\"index, follow, max-snippet:-1, max-image-preview:large, max-video-preview:-1\" \/>\n<link rel=\"canonical\" href=\"https:\/\/rent2ridesardinia.com\/en\/shop\/kite-duotone-evo-dlab-11m\/\" \/>\n<script type=\"application\/ld+json\" class=\"yoast-schema-graph\">{\"@context\":\"https:\/\/schema.org\",\"@graph\":[{\"@type\":\"WebPage\",\"@id\":\"https:\/\/rent2ridesardinia.com\/shop\/kite-duotone-evo-dlab-11m\/\",\"url\":\"https:\/\/rent2ridesardinia.com\/shop\/kite-duotone-evo-dlab-11m\/\",\"name\":\"KITE DUOTONE EVO DLAB 11M PACKAGE (KITE, BARRA, TAVOLA, POMPA) - rent2ridesardinia.com\",\"isPartOf\":{\"@id\":\"https:\/\/rent2ridesardinia.com\/#website\"},\"primaryImageOfPage\":{\"@id\":\"https:\/\/rent2ridesardinia.com\/shop\/kite-duotone-evo-dlab-11m\/#primaryimage\"},\"image\":{\"@id\":\"https:\/\/rent2ridesardinia.com\/shop\/kite-duotone-evo-dlab-11m\/#primaryimage\"},\"thumbnailUrl\":\"https:\/\/rent2ridesardinia.com\/wp-content\/uploads\/2023\/06\/evo-dlab.webp\",\"datePublished\":\"2023-06-12T08:06:03+00:00\",\"dateModified\":\"2024-08-13T13:50:13+00:00\",\"breadcrumb\":{\"@id\":\"https:\/\/rent2ridesardinia.com\/shop\/kite-duotone-evo-dlab-11m\/#breadcrumb\"},\"inLanguage\":\"en-US\",\"potentialAction\":[{\"@type\":\"ReadAction\",\"target\":[\"https:\/\/rent2ridesardinia.com\/shop\/kite-duotone-evo-dlab-11m\/\"]}]},{\"@type\":\"ImageObject\",\"inLanguage\":\"en-US\",\"@id\":\"https:\/\/rent2ridesardinia.com\/shop\/kite-duotone-evo-dlab-11m\/#primaryimage\",\"url\":\"https:\/\/rent2ridesardinia.com\/wp-content\/uploads\/2023\/06\/evo-dlab.webp\",\"contentUrl\":\"https:\/\/rent2ridesardinia.com\/wp-content\/uploads\/2023\/06\/evo-dlab.webp\",\"width\":1050,\"height\":1050},{\"@type\":\"BreadcrumbList\",\"@id\":\"https:\/\/rent2ridesardinia.com\/shop\/kite-duotone-evo-dlab-11m\/#breadcrumb\",\"itemListElement\":[{\"@type\":\"ListItem\",\"position\":1,\"name\":\"Home\",\"item\":\"https:\/\/rent2ridesardinia.com\/en\"},{\"@type\":\"ListItem\",\"position\":2,\"name\":\"Shop\",\"item\":\"https:\/\/rent2ridesardinia.com\/shop\/\"},{\"@type\":\"ListItem\",\"position\":3,\"name\":\"Noleggio\",\"item\":\"https:\/\/rent2ridesardinia.com\/c\/noleggio\/\"},{\"@type\":\"ListItem\",\"position\":4,\"name\":\"Attrezzatura Sportiva\",\"item\":\"https:\/\/rent2ridesardinia.com\/c\/noleggio\/attrezzatura-sportiva\/\"},{\"@type\":\"ListItem\",\"position\":5,\"name\":\"Kitesurf\",\"item\":\"https:\/\/rent2ridesardinia.com\/c\/noleggio\/attrezzatura-sportiva\/kitesurf\/\"},{\"@type\":\"ListItem\",\"position\":6,\"name\":\"KITE DUOTONE EVO DLAB 11M PACKAGE (KITE, BARRA, TAVOLA, POMPA)\"}]},{\"@type\":\"WebSite\",\"@id\":\"https:\/\/rent2ridesardinia.com\/#website\",\"url\":\"https:\/\/rent2ridesardinia.com\/\",\"name\":\"rent 2 ride sardinia\",\"description\":\"rent2ridesardinia.com\",\"potentialAction\":[{\"@type\":\"SearchAction\",\"target\":{\"@type\":\"EntryPoint\",\"urlTemplate\":\"https:\/\/rent2ridesardinia.com\/?s={search_term_string}\"},\"query-input\":{\"@type\":\"PropertyValueSpecification\",\"valueRequired\":true,\"valueName\":\"search_term_string\"}}],\"inLanguage\":\"en-US\"},{\"@type\":\"ImageObject\",\"inLanguage\":\"en-US\",\"@id\":\"https:\/\/rent2ridesardinia.com\/shop\/kite-duotone-evo-dlab-11m\/#local-main-organization-logo\",\"url\":\"\",\"contentUrl\":\"\",\"caption\":\"rent 2 ride sardinia\"}]}<\/script>\n<meta property=\"og:availability\" content=\"instock\" \/>\n<meta property=\"product:availability\" content=\"instock\" \/>\n<meta property=\"product:condition\" content=\"new\" \/>\n<!-- \/ Yoast SEO Premium plugin. -->","yoast_head_json":{"title":"KITE DUOTONE EVO DLAB 11M PACKAGE (KITE, BARRA, TAVOLA, POMPA) - rent2ridesardinia.com","robots":{"index":"index","follow":"follow","max-snippet":"max-snippet:-1","max-image-preview":"max-image-preview:large","max-video-preview":"max-video-preview:-1"},"canonical":"https:\/\/rent2ridesardinia.com\/en\/shop\/kite-duotone-evo-dlab-11m\/","schema":{"@context":"https:\/\/schema.org","@graph":[{"@type":"WebPage","@id":"https:\/\/rent2ridesardinia.com\/shop\/kite-duotone-evo-dlab-11m\/","url":"https:\/\/rent2ridesardinia.com\/shop\/kite-duotone-evo-dlab-11m\/","name":"KITE DUOTONE EVO DLAB 11M PACKAGE (KITE, BARRA, TAVOLA, POMPA) - rent2ridesardinia.com","isPartOf":{"@id":"https:\/\/rent2ridesardinia.com\/#website"},"primaryImageOfPage":{"@id":"https:\/\/rent2ridesardinia.com\/shop\/kite-duotone-evo-dlab-11m\/#primaryimage"},"image":{"@id":"https:\/\/rent2ridesardinia.com\/shop\/kite-duotone-evo-dlab-11m\/#primaryimage"},"thumbnailUrl":"https:\/\/rent2ridesardinia.com\/wp-content\/uploads\/2023\/06\/evo-dlab.webp","datePublished":"2023-06-12T08:06:03+00:00","dateModified":"2024-08-13T13:50:13+00:00","breadcrumb":{"@id":"https:\/\/rent2ridesardinia.com\/shop\/kite-duotone-evo-dlab-11m\/#breadcrumb"},"inLanguage":"en-US","potentialAction":[{"@type":"ReadAction","target":["https:\/\/rent2ridesardinia.com\/shop\/kite-duotone-evo-dlab-11m\/"]}]},{"@type":"ImageObject","inLanguage":"en-US","@id":"https:\/\/rent2ridesardinia.com\/shop\/kite-duotone-evo-dlab-11m\/#primaryimage","url":"https:\/\/rent2ridesardinia.com\/wp-content\/uploads\/2023\/06\/evo-dlab.webp","contentUrl":"https:\/\/rent2ridesardinia.com\/wp-content\/uploads\/2023\/06\/evo-dlab.webp","width":1050,"height":1050},{"@type":"BreadcrumbList","@id":"https:\/\/rent2ridesardinia.com\/shop\/kite-duotone-evo-dlab-11m\/#breadcrumb","itemListElement":[{"@type":"ListItem","position":1,"name":"Home","item":"https:\/\/rent2ridesardinia.com\/en"},{"@type":"ListItem","position":2,"name":"Shop","item":"https:\/\/rent2ridesardinia.com\/shop\/"},{"@type":"ListItem","position":3,"name":"Noleggio","item":"https:\/\/rent2ridesardinia.com\/c\/noleggio\/"},{"@type":"ListItem","position":4,"name":"Attrezzatura Sportiva","item":"https:\/\/rent2ridesardinia.com\/c\/noleggio\/attrezzatura-sportiva\/"},{"@type":"ListItem","position":5,"name":"Kitesurf","item":"https:\/\/rent2ridesardinia.com\/c\/noleggio\/attrezzatura-sportiva\/kitesurf\/"},{"@type":"ListItem","position":6,"name":"KITE DUOTONE EVO DLAB 11M PACKAGE (KITE, BARRA, TAVOLA, POMPA)"}]},{"@type":"WebSite","@id":"https:\/\/rent2ridesardinia.com\/#website","url":"https:\/\/rent2ridesardinia.com\/","name":"rent 2 ride sardinia","description":"rent2ridesardinia.com","potentialAction":[{"@type":"SearchAction","target":{"@type":"EntryPoint","urlTemplate":"https:\/\/rent2ridesardinia.com\/?s={search_term_string}"},"query-input":{"@type":"PropertyValueSpecification","valueRequired":true,"valueName":"search_term_string"}}],"inLanguage":"en-US"},{"@type":"ImageObject","inLanguage":"en-US","@id":"https:\/\/rent2ridesardinia.com\/shop\/kite-duotone-evo-dlab-11m\/#local-main-organization-logo","url":"","contentUrl":"","caption":"rent 2 ride sardinia"}]},"og_availability":"instock","product_availability":"instock","product_condition":"new"},"_links":{"self":[{"href":"https:\/\/rent2ridesardinia.com\/en\/wp-json\/wp\/v2\/product\/2365","targetHints":{"allow":["GET"]}}],"collection":[{"href":"https:\/\/rent2ridesardinia.com\/en\/wp-json\/wp\/v2\/product"}],"about":[{"href":"https:\/\/rent2ridesardinia.com\/en\/wp-json\/wp\/v2\/types\/product"}],"replies":[{"embeddable":true,"href":"https:\/\/rent2ridesardinia.com\/en\/wp-json\/wp\/v2\/comments?post=2365"}],"wp:featuredmedia":[{"embeddable":true,"href":"https:\/\/rent2ridesardinia.com\/en\/wp-json\/wp\/v2\/media\/2366"}],"wp:attachment":[{"href":"https:\/\/rent2ridesardinia.com\/en\/wp-json\/wp\/v2\/media?parent=2365"}],"wp:term":[{"taxonomy":"product_brand","embeddable":true,"href":"https:\/\/rent2ridesardinia.com\/en\/wp-json\/wp\/v2\/product_brand?post=2365"},{"taxonomy":"product_cat","embeddable":true,"href":"https:\/\/rent2ridesardinia.com\/en\/wp-json\/wp\/v2\/product_cat?post=2365"},{"taxonomy":"product_tag","embeddable":true,"href":"https:\/\/rent2ridesardinia.com\/en\/wp-json\/wp\/v2\/product_tag?post=2365"}],"curies":[{"name":"wp","href":"https:\/\/api.w.org\/{rel}","templated":true}]}}