{"id":3216,"date":"2023-06-21T09:55:29","date_gmt":"2023-06-21T09:55:29","guid":{"rendered":"https:\/\/rent2ridesardinia.com\/?post_type=product&#038;p=3216"},"modified":"2024-08-13T14:53:51","modified_gmt":"2024-08-13T12:53:51","slug":"pacchetto-wing-unit-5-tavola-e-piantone","status":"publish","type":"product","link":"https:\/\/rent2ridesardinia.com\/en\/shop\/pacchetto-wing-unit-5-tavola-e-piantone\/","title":{"rendered":"Package Wing Unit 5 board and foil"},"content":{"rendered":"<div id=\"fhCalen\">\n<script src=\"https:\/\/fareharbor.com\/embeds\/script\/calendar\/rent2ridesardinia\/items\/549164\/?fallback=simple&#038;full-items=yes&#038;flow=1188409\"><\/script><\/div>\n<p><script>jQuery(document).ready(function($){var cal = $('#fhCalen');$(' div.elementor-add-to-cart.elementor-product-variable').replaceWith(cal);});<\/script><\/p>\n<p>La Unit 2024 mantiene le sue alte performance \u00a0con la novit\u00e0 della seconda maniglia pi\u00f9 lunga che rende pi\u00f9 facile la gestione della vela con una sola mano.<\/p>\n<p>&nbsp;<\/p>\n<p><strong>Tavole Disponibili:<\/strong><\/p>\n<p>Sky Style SLS 4&#8217;11<\/p>\n<p>Sky Style 5&#8217;1<\/p>\n<p>Sky Wing 5&#8217;2<\/p>\n<p>Sky Style SLS 5&#8217;3<\/p>\n<p>Sky Wing 5&#8217;8<\/p>\n<p>Sky Free 5&#8217;9<\/p>\n<p>&nbsp;<\/p>\n<p><strong>Piantoni disponibili:<\/strong><\/p>\n<p>1750 aereo free high aspect<\/p>\n<p>1500 aereo free<\/p>\n<p>1250 aereo free<\/p>\n<p>1150 carve<\/p>\n<p>900 glide<\/p>\n<p>900 carve<\/p>\n<p>&nbsp;<\/p>\n<p><strong>Mast disponibili:<\/strong><\/p>\n<p>82 Carbon<\/p>\n<p>82 Aluminum<\/p>\n<p>75 Aluminum<\/p>","protected":false},"excerpt":{"rendered":"<p>La Unit 2024 mantiene le sue alte performance \u00a0con la novit\u00e0 della seconda maniglia pi\u00f9 lunga che rende pi\u00f9 facile la gestione della vela con una sola mano. &nbsp; Tavole Disponibili: Sky Style SLS 4&#8217;11 Sky Style 5&#8217;1 Sky Wing 5&#8217;2 Sky Style SLS 5&#8217;3 Sky Wing 5&#8217;8 Sky Free 5&#8217;9 &nbsp; Piantoni disponibili: 1750 [&hellip;]<\/p>","protected":false},"featured_media":5858,"comment_status":"open","ping_status":"closed","template":"","meta":{"_acf_changed":false,"om_disable_all_campaigns":false,"_monsterinsights_skip_tracking":false,"_monsterinsights_sitenote_active":false,"_monsterinsights_sitenote_note":"","_monsterinsights_sitenote_category":0,"site-sidebar-layout":"default","site-content-layout":"default","ast-site-content-layout":"default","site-content-style":"default","site-sidebar-style":"default","ast-global-header-display":"","ast-banner-title-visibility":"","ast-main-header-display":"","ast-hfb-above-header-display":"","ast-hfb-below-header-display":"","ast-hfb-mobile-header-display":"","site-post-title":"","ast-breadcrumbs-content":"","ast-featured-img":"","footer-sml-layout":"","ast-disable-related-posts":"","theme-transparent-header-meta":"default","adv-header-id-meta":"","stick-header-meta":"","header-above-stick-meta":"","header-main-stick-meta":"","header-below-stick-meta":"","astra-migrate-meta-layouts":"set","ast-page-background-enabled":"default","ast-page-background-meta":{"desktop":{"background-color":"var(--ast-global-color-4)","background-image":"","background-repeat":"repeat","background-position":"center center","background-size":"auto","background-attachment":"scroll","background-type":"","background-media":"","overlay-type":"","overlay-color":"","overlay-opacity":"","overlay-gradient":""},"tablet":{"background-color":"","background-image":"","background-repeat":"repeat","background-position":"center center","background-size":"auto","background-attachment":"scroll","background-type":"","background-media":"","overlay-type":"","overlay-color":"","overlay-opacity":"","overlay-gradient":""},"mobile":{"background-color":"","background-image":"","background-repeat":"repeat","background-position":"center center","background-size":"auto","background-attachment":"scroll","background-type":"","background-media":"","overlay-type":"","overlay-color":"","overlay-opacity":"","overlay-gradient":""}},"ast-content-background-meta":{"desktop":{"background-color":"var(--ast-global-color-5)","background-image":"","background-repeat":"repeat","background-position":"center center","background-size":"auto","background-attachment":"scroll","background-type":"","background-media":"","overlay-type":"","overlay-color":"","overlay-opacity":"","overlay-gradient":""},"tablet":{"background-color":"var(--ast-global-color-5)","background-image":"","background-repeat":"repeat","background-position":"center center","background-size":"auto","background-attachment":"scroll","background-type":"","background-media":"","overlay-type":"","overlay-color":"","overlay-opacity":"","overlay-gradient":""},"mobile":{"background-color":"var(--ast-global-color-5)","background-image":"","background-repeat":"repeat","background-position":"center center","background-size":"auto","background-attachment":"scroll","background-type":"","background-media":"","overlay-type":"","overlay-color":"","overlay-opacity":"","overlay-gradient":""}}},"product_brand":[],"product_cat":[38],"product_tag":[],"class_list":{"0":"post-3216","1":"product","2":"type-product","3":"status-publish","4":"has-post-thumbnail","6":"product_cat-wingfoil","7":"desktop-align-left","8":"tablet-align-left","9":"mobile-align-left","11":"first","12":"instock","13":"shipping-taxable","14":"purchasable","15":"product-type-variable"},"acf":[],"yoast_head":"<!-- This site is optimized with the Yoast SEO Premium plugin v20.9 (Yoast SEO v24.8.1) - https:\/\/yoast.com\/wordpress\/plugins\/seo\/ -->\n<title>Pacchetto Wing Unit 5 tavola e piantone - rent2ridesardinia.com<\/title>\n<meta name=\"robots\" content=\"index, follow, max-snippet:-1, max-image-preview:large, max-video-preview:-1\" \/>\n<link rel=\"canonical\" href=\"https:\/\/rent2ridesardinia.com\/en\/shop\/pacchetto-wing-unit-5-tavola-e-piantone\/\" \/>\n<script type=\"application\/ld+json\" class=\"yoast-schema-graph\">{\"@context\":\"https:\/\/schema.org\",\"@graph\":[{\"@type\":\"WebPage\",\"@id\":\"https:\/\/rent2ridesardinia.com\/shop\/pacchetto-wing-unit-5-tavola-e-piantone\/\",\"url\":\"https:\/\/rent2ridesardinia.com\/shop\/pacchetto-wing-unit-5-tavola-e-piantone\/\",\"name\":\"Pacchetto Wing Unit 5 tavola e piantone - rent2ridesardinia.com\",\"isPartOf\":{\"@id\":\"https:\/\/rent2ridesardinia.com\/#website\"},\"primaryImageOfPage\":{\"@id\":\"https:\/\/rent2ridesardinia.com\/shop\/pacchetto-wing-unit-5-tavola-e-piantone\/#primaryimage\"},\"image\":{\"@id\":\"https:\/\/rent2ridesardinia.com\/shop\/pacchetto-wing-unit-5-tavola-e-piantone\/#primaryimage\"},\"thumbnailUrl\":\"https:\/\/rent2ridesardinia.com\/wp-content\/uploads\/2023\/06\/duotone-unit-2024-wing.jpg\",\"datePublished\":\"2023-06-21T09:55:29+00:00\",\"dateModified\":\"2024-08-13T12:53:51+00:00\",\"breadcrumb\":{\"@id\":\"https:\/\/rent2ridesardinia.com\/shop\/pacchetto-wing-unit-5-tavola-e-piantone\/#breadcrumb\"},\"inLanguage\":\"en-US\",\"potentialAction\":[{\"@type\":\"ReadAction\",\"target\":[\"https:\/\/rent2ridesardinia.com\/shop\/pacchetto-wing-unit-5-tavola-e-piantone\/\"]}]},{\"@type\":\"ImageObject\",\"inLanguage\":\"en-US\",\"@id\":\"https:\/\/rent2ridesardinia.com\/shop\/pacchetto-wing-unit-5-tavola-e-piantone\/#primaryimage\",\"url\":\"https:\/\/rent2ridesardinia.com\/wp-content\/uploads\/2023\/06\/duotone-unit-2024-wing.jpg\",\"contentUrl\":\"https:\/\/rent2ridesardinia.com\/wp-content\/uploads\/2023\/06\/duotone-unit-2024-wing.jpg\",\"width\":900,\"height\":962},{\"@type\":\"BreadcrumbList\",\"@id\":\"https:\/\/rent2ridesardinia.com\/shop\/pacchetto-wing-unit-5-tavola-e-piantone\/#breadcrumb\",\"itemListElement\":[{\"@type\":\"ListItem\",\"position\":1,\"name\":\"Home\",\"item\":\"https:\/\/rent2ridesardinia.com\/en\"},{\"@type\":\"ListItem\",\"position\":2,\"name\":\"Shop\",\"item\":\"https:\/\/rent2ridesardinia.com\/shop\/\"},{\"@type\":\"ListItem\",\"position\":3,\"name\":\"Noleggio\",\"item\":\"https:\/\/rent2ridesardinia.com\/c\/noleggio\/\"},{\"@type\":\"ListItem\",\"position\":4,\"name\":\"Attrezzatura Sportiva\",\"item\":\"https:\/\/rent2ridesardinia.com\/c\/noleggio\/attrezzatura-sportiva\/\"},{\"@type\":\"ListItem\",\"position\":5,\"name\":\"Wingfoil\",\"item\":\"https:\/\/rent2ridesardinia.com\/c\/noleggio\/attrezzatura-sportiva\/wingfoil\/\"},{\"@type\":\"ListItem\",\"position\":6,\"name\":\"Pacchetto Wing Unit 5 tavola e piantone\"}]},{\"@type\":\"WebSite\",\"@id\":\"https:\/\/rent2ridesardinia.com\/#website\",\"url\":\"https:\/\/rent2ridesardinia.com\/\",\"name\":\"rent 2 ride sardinia\",\"description\":\"rent2ridesardinia.com\",\"potentialAction\":[{\"@type\":\"SearchAction\",\"target\":{\"@type\":\"EntryPoint\",\"urlTemplate\":\"https:\/\/rent2ridesardinia.com\/?s={search_term_string}\"},\"query-input\":{\"@type\":\"PropertyValueSpecification\",\"valueRequired\":true,\"valueName\":\"search_term_string\"}}],\"inLanguage\":\"en-US\"},{\"@type\":\"ImageObject\",\"inLanguage\":\"en-US\",\"@id\":\"https:\/\/rent2ridesardinia.com\/shop\/pacchetto-wing-unit-5-tavola-e-piantone\/#local-main-organization-logo\",\"url\":\"\",\"contentUrl\":\"\",\"caption\":\"rent 2 ride sardinia\"}]}<\/script>\n<meta property=\"og:availability\" content=\"instock\" \/>\n<meta property=\"product:availability\" content=\"instock\" \/>\n<meta property=\"product:condition\" content=\"new\" \/>\n<!-- \/ Yoast SEO Premium plugin. -->","yoast_head_json":{"title":"Pacchetto Wing Unit 5 tavola e piantone - rent2ridesardinia.com","robots":{"index":"index","follow":"follow","max-snippet":"max-snippet:-1","max-image-preview":"max-image-preview:large","max-video-preview":"max-video-preview:-1"},"canonical":"https:\/\/rent2ridesardinia.com\/en\/shop\/pacchetto-wing-unit-5-tavola-e-piantone\/","schema":{"@context":"https:\/\/schema.org","@graph":[{"@type":"WebPage","@id":"https:\/\/rent2ridesardinia.com\/shop\/pacchetto-wing-unit-5-tavola-e-piantone\/","url":"https:\/\/rent2ridesardinia.com\/shop\/pacchetto-wing-unit-5-tavola-e-piantone\/","name":"Pacchetto Wing Unit 5 tavola e piantone - rent2ridesardinia.com","isPartOf":{"@id":"https:\/\/rent2ridesardinia.com\/#website"},"primaryImageOfPage":{"@id":"https:\/\/rent2ridesardinia.com\/shop\/pacchetto-wing-unit-5-tavola-e-piantone\/#primaryimage"},"image":{"@id":"https:\/\/rent2ridesardinia.com\/shop\/pacchetto-wing-unit-5-tavola-e-piantone\/#primaryimage"},"thumbnailUrl":"https:\/\/rent2ridesardinia.com\/wp-content\/uploads\/2023\/06\/duotone-unit-2024-wing.jpg","datePublished":"2023-06-21T09:55:29+00:00","dateModified":"2024-08-13T12:53:51+00:00","breadcrumb":{"@id":"https:\/\/rent2ridesardinia.com\/shop\/pacchetto-wing-unit-5-tavola-e-piantone\/#breadcrumb"},"inLanguage":"en-US","potentialAction":[{"@type":"ReadAction","target":["https:\/\/rent2ridesardinia.com\/shop\/pacchetto-wing-unit-5-tavola-e-piantone\/"]}]},{"@type":"ImageObject","inLanguage":"en-US","@id":"https:\/\/rent2ridesardinia.com\/shop\/pacchetto-wing-unit-5-tavola-e-piantone\/#primaryimage","url":"https:\/\/rent2ridesardinia.com\/wp-content\/uploads\/2023\/06\/duotone-unit-2024-wing.jpg","contentUrl":"https:\/\/rent2ridesardinia.com\/wp-content\/uploads\/2023\/06\/duotone-unit-2024-wing.jpg","width":900,"height":962},{"@type":"BreadcrumbList","@id":"https:\/\/rent2ridesardinia.com\/shop\/pacchetto-wing-unit-5-tavola-e-piantone\/#breadcrumb","itemListElement":[{"@type":"ListItem","position":1,"name":"Home","item":"https:\/\/rent2ridesardinia.com\/en"},{"@type":"ListItem","position":2,"name":"Shop","item":"https:\/\/rent2ridesardinia.com\/shop\/"},{"@type":"ListItem","position":3,"name":"Noleggio","item":"https:\/\/rent2ridesardinia.com\/c\/noleggio\/"},{"@type":"ListItem","position":4,"name":"Attrezzatura Sportiva","item":"https:\/\/rent2ridesardinia.com\/c\/noleggio\/attrezzatura-sportiva\/"},{"@type":"ListItem","position":5,"name":"Wingfoil","item":"https:\/\/rent2ridesardinia.com\/c\/noleggio\/attrezzatura-sportiva\/wingfoil\/"},{"@type":"ListItem","position":6,"name":"Pacchetto Wing Unit 5 tavola e piantone"}]},{"@type":"WebSite","@id":"https:\/\/rent2ridesardinia.com\/#website","url":"https:\/\/rent2ridesardinia.com\/","name":"rent 2 ride sardinia","description":"rent2ridesardinia.com","potentialAction":[{"@type":"SearchAction","target":{"@type":"EntryPoint","urlTemplate":"https:\/\/rent2ridesardinia.com\/?s={search_term_string}"},"query-input":{"@type":"PropertyValueSpecification","valueRequired":true,"valueName":"search_term_string"}}],"inLanguage":"en-US"},{"@type":"ImageObject","inLanguage":"en-US","@id":"https:\/\/rent2ridesardinia.com\/shop\/pacchetto-wing-unit-5-tavola-e-piantone\/#local-main-organization-logo","url":"","contentUrl":"","caption":"rent 2 ride sardinia"}]},"og_availability":"instock","product_availability":"instock","product_condition":"new"},"_links":{"self":[{"href":"https:\/\/rent2ridesardinia.com\/en\/wp-json\/wp\/v2\/product\/3216","targetHints":{"allow":["GET"]}}],"collection":[{"href":"https:\/\/rent2ridesardinia.com\/en\/wp-json\/wp\/v2\/product"}],"about":[{"href":"https:\/\/rent2ridesardinia.com\/en\/wp-json\/wp\/v2\/types\/product"}],"replies":[{"embeddable":true,"href":"https:\/\/rent2ridesardinia.com\/en\/wp-json\/wp\/v2\/comments?post=3216"}],"wp:featuredmedia":[{"embeddable":true,"href":"https:\/\/rent2ridesardinia.com\/en\/wp-json\/wp\/v2\/media\/5858"}],"wp:attachment":[{"href":"https:\/\/rent2ridesardinia.com\/en\/wp-json\/wp\/v2\/media?parent=3216"}],"wp:term":[{"taxonomy":"product_brand","embeddable":true,"href":"https:\/\/rent2ridesardinia.com\/en\/wp-json\/wp\/v2\/product_brand?post=3216"},{"taxonomy":"product_cat","embeddable":true,"href":"https:\/\/rent2ridesardinia.com\/en\/wp-json\/wp\/v2\/product_cat?post=3216"},{"taxonomy":"product_tag","embeddable":true,"href":"https:\/\/rent2ridesardinia.com\/en\/wp-json\/wp\/v2\/product_tag?post=3216"}],"curies":[{"name":"wp","href":"https:\/\/api.w.org\/{rel}","templated":true}]}}